{"id":9,"date":"2024-04-11T21:24:23","date_gmt":"2024-04-11T19:24:23","guid":{"rendered":"https:\/\/studiax.cluster029.hosting.ovh.net\/?page_id=9"},"modified":"2024-04-14T15:17:10","modified_gmt":"2024-04-14T13:17:10","slug":"accueil","status":"publish","type":"page","link":"https:\/\/studiochn.com\/index.php\/accueil\/","title":{"rendered":"R\u00e9trospective"},"content":{"rendered":"<div class=\"wp-block-image is-style-rounded\">\n<figure class=\"aligncenter size-large is-resized\"><img loading=\"lazy\" decoding=\"async\" width=\"913\" height=\"1024\" src=\"https:\/\/studiochn.com\/wp-content\/uploads\/2024\/04\/CHN-propriete-913x1024.jpg\" alt=\"\" class=\"wp-image-368\" style=\"aspect-ratio:1;object-fit:cover;width:202px;height:auto\" srcset=\"https:\/\/studiochn.com\/wp-content\/uploads\/2024\/04\/CHN-propriete-913x1024.jpg 913w, https:\/\/studiochn.com\/wp-content\/uploads\/2024\/04\/CHN-propriete-268x300.jpg 268w, https:\/\/studiochn.com\/wp-content\/uploads\/2024\/04\/CHN-propriete-768x861.jpg 768w, https:\/\/studiochn.com\/wp-content\/uploads\/2024\/04\/CHN-propriete-1370x1536.jpg 1370w, https:\/\/studiochn.com\/wp-content\/uploads\/2024\/04\/CHN-propriete-1827x2048.jpg 1827w, https:\/\/studiochn.com\/wp-content\/uploads\/2024\/04\/CHN-propriete-54x60.jpg 54w\" sizes=\"auto, (max-width: 913px) 100vw, 913px\" \/><\/figure>\n<\/div>\n\n\n<p class=\"has-text-align-left\">Graphiste depuis 2009 dans les domaines privil\u00e9gi\u00e9s de la culture et de l&rsquo;\u00e9v\u00e9nementiel et aux connaissances avanc\u00e9es des branches annexes de l&rsquo;industrie graphique (graphisme, imprimerie et communication).<\/p>\n\n\n\n<div class=\"wp-block-columns is-layout-flex wp-container-core-columns-is-layout-9d6595d7 wp-block-columns-is-layout-flex\">\n<div class=\"wp-block-column is-vertically-aligned-top is-layout-flow wp-block-column-is-layout-flow\" style=\"flex-basis:100%\">\n<ul class=\"wp-block-list\">\n<li><strong>Pr\u00e9paration aux arts appliqu\u00e9s<\/strong> \u00c9cole Cond\u00e9<\/li>\n\n\n\n<li><strong>Communication visuelle \u00e9dition, graphisme et publicit\u00e9<\/strong> \u00c9cole Cifacom<\/li>\n\n\n\n<li><strong>Charg\u00e9e de reprographie<\/strong> Reprographie Corep<\/li>\n\n\n\n<li><strong>Graphiste freelance<\/strong><\/li>\n\n\n\n<li><strong>Charg\u00e9e de communication<\/strong> Association culturelle Urban Pixel<\/li>\n\n\n\n<li><strong>Graphiste<\/strong> Association culturelle Panda Events<\/li>\n\n\n\n<li><strong>Graphiste UK<\/strong> Soci\u00e9t\u00e9 Tracie Giles<\/li>\n\n\n\n<li><strong>Graphiste freelance<\/strong><\/li>\n\n\n\n<li><strong>Gestion de projets et d&rsquo;\u00e9quipes<\/strong> Imprimerie Trulli <\/li>\n<\/ul>\n<\/div>\n<\/div>\n","protected":false},"excerpt":{"rendered":"<p>Graphiste depuis 2009 dans les domaines privil\u00e9gi\u00e9s de la culture et de l&rsquo;\u00e9v\u00e9nementiel et aux connaissances avanc\u00e9es des branches annexes de l&rsquo;industrie graphique (graphisme, imprimerie et communication).<\/p>\n","protected":false},"author":1,"featured_media":0,"parent":0,"menu_order":0,"comment_status":"closed","ping_status":"closed","template":"","meta":{"footnotes":""},"class_list":["post-9","page","type-page","status-publish","hentry"],"_links":{"self":[{"href":"https:\/\/studiochn.com\/index.php\/wp-json\/wp\/v2\/pages\/9","targetHints":{"allow":["GET"]}}],"collection":[{"href":"https:\/\/studiochn.com\/index.php\/wp-json\/wp\/v2\/pages"}],"about":[{"href":"https:\/\/studiochn.com\/index.php\/wp-json\/wp\/v2\/types\/page"}],"author":[{"embeddable":true,"href":"https:\/\/studiochn.com\/index.php\/wp-json\/wp\/v2\/users\/1"}],"replies":[{"embeddable":true,"href":"https:\/\/studiochn.com\/index.php\/wp-json\/wp\/v2\/comments?post=9"}],"version-history":[{"count":23,"href":"https:\/\/studiochn.com\/index.php\/wp-json\/wp\/v2\/pages\/9\/revisions"}],"predecessor-version":[{"id":398,"href":"https:\/\/studiochn.com\/index.php\/wp-json\/wp\/v2\/pages\/9\/revisions\/398"}],"wp:attachment":[{"href":"https:\/\/studiochn.com\/index.php\/wp-json\/wp\/v2\/media?parent=9"}],"curies":[{"name":"wp","href":"https:\/\/api.w.org\/{rel}","templated":true}]}}